{"id":104,"date":"2025-11-25T13:20:32","date_gmt":"2025-11-25T13:20:32","guid":{"rendered":"https:\/\/dolichopoda.com\/?page_id=104"},"modified":"2025-11-26T14:49:04","modified_gmt":"2025-11-26T14:49:04","slug":"les-territoires","status":"publish","type":"page","link":"https:\/\/dolichopoda.com\/index.php\/les-territoires\/","title":{"rendered":"Les territoires"},"content":{"rendered":"<p>[et_pb_section fb_built=\u00a0\u00bb1&Prime; admin_label=\u00a0\u00bbHeader &#038; FAQ\u00a0\u00bb _builder_version=\u00a0\u00bb4.25.1&Prime; _module_preset=\u00a0\u00bbdefault\u00a0\u00bb background_color=\u00a0\u00bbgcid-695690f7-1400-435d-ab5d-81e5d8a43692&Prime; min_height=\u00a0\u00bb1635.3px\u00a0\u00bb custom_margin=\u00a0\u00bb||-2px|||\u00a0\u00bb locked=\u00a0\u00bboff\u00a0\u00bb collapsed=\u00a0\u00bbon\u00a0\u00bb global_colors_info=\u00a0\u00bb{%22gcid-695690f7-1400-435d-ab5d-81e5d8a43692%22:%91%22background_color%22%93}\u00a0\u00bb][et_pb_row _builder_version=\u00a0\u00bb4.25.1&Prime; _module_preset=\u00a0\u00bbdefault\u00a0\u00bb global_colors_info=\u00a0\u00bb{}\u00a0\u00bb][et_pb_column type=\u00a0\u00bb4_4&Prime; _builder_version=\u00a0\u00bb4.25.1&Prime; _module_preset=\u00a0\u00bbdefault\u00a0\u00bb global_colors_info=\u00a0\u00bb{}\u00a0\u00bb][et_pb_image src=\u00a0\u00bbhttp:\/\/dolichopoda.com\/wp-content\/uploads\/2025\/11\/fashion-stylist-24.jpg\u00a0\u00bb title_text=\u00a0\u00bbfashion-stylist-24&Prime; _builder_version=\u00a0\u00bb4.27.4&Prime; _module_preset=\u00a0\u00bbdefault\u00a0\u00bb animation_style=\u00a0\u00bbfade\u00a0\u00bb global_colors_info=\u00a0\u00bb{}\u00a0\u00bb][\/et_pb_image][\/et_pb_column][\/et_pb_row][et_pb_row _builder_version=\u00a0\u00bb4.25.1&Prime; _module_preset=\u00a0\u00bbdefault\u00a0\u00bb global_colors_info=\u00a0\u00bb{}\u00a0\u00bb][et_pb_column type=\u00a0\u00bb4_4&Prime; _builder_version=\u00a0\u00bb4.25.1&Prime; _module_preset=\u00a0\u00bbdefault\u00a0\u00bb global_colors_info=\u00a0\u00bb{}\u00a0\u00bb][et_pb_heading title=\u00a0\u00bbLes territoires de nos digitals nomads\u00a0\u00bb _builder_version=\u00a0\u00bb4.25.1&Prime; _module_preset=\u00a0\u00bbc2ba4ea6-7a60-4616-9808-9b719eef7109&Prime; custom_margin=\u00a0\u00bb||10px||false|false\u00a0\u00bb locked=\u00a0\u00bboff\u00a0\u00bb global_colors_info=\u00a0\u00bb{}\u00a0\u00bb][\/et_pb_heading][\/et_pb_column][\/et_pb_row][et_pb_row _builder_version=\u00a0\u00bb4.25.1&Prime; _module_preset=\u00a0\u00bbdefault\u00a0\u00bb global_colors_info=\u00a0\u00bb{}\u00a0\u00bb][et_pb_column type=\u00a0\u00bb4_4&Prime; _builder_version=\u00a0\u00bb4.25.1&Prime; _module_preset=\u00a0\u00bbdefault\u00a0\u00bb global_colors_info=\u00a0\u00bb{}\u00a0\u00bb][et_pb_heading title=\u00a0\u00bbL\u2019Ard\u00e8che pour les Digital Nomads\u00a0\u00bb _builder_version=\u00a0\u00bb4.25.1&Prime; _module_preset=\u00a0\u00bb8b426f28-a8b9-4ad6-9fc4-eb6f35b4bc4b\u00a0\u00bb custom_margin=\u00a0\u00bb||10px||false|false\u00a0\u00bb locked=\u00a0\u00bboff\u00a0\u00bb global_colors_info=\u00a0\u00bb{}\u00a0\u00bb][\/et_pb_heading][et_pb_text _builder_version=\u00a0\u00bb4.25.1&Prime; _module_preset=\u00a0\u00bb4058710a-7429-4ce8-9991-b4f959f278d0&Prime; locked=\u00a0\u00bboff\u00a0\u00bb global_colors_info=\u00a0\u00bb{}\u00a0\u00bb]<\/p>\n<p data-start=\"274\" data-end=\"359\">Un territoire nature, libre, inspirant \u2014 parfait pour ceux qui travaillent autrement.<\/p>\n<p data-start=\"361\" data-end=\"653\">L\u2019Ard\u00e8che n\u2019est pas une grande m\u00e9tropole, et c\u2019est pr\u00e9cis\u00e9ment ce qui fait son charme pour les digital nomads. Ici, on respire large, on vit au rythme des villages, on prend le temps, et on d\u00e9couvre une qualit\u00e9 de vie rare, loin de l\u2019agitation urbaine mais riche d\u2019une authenticit\u00e9 pr\u00e9cieuse. C\u2019est un territoire pour celles et ceux qui cherchent <strong data-start=\"709\" data-end=\"769\">du calme, de l\u2019espace, de la nature, des paysages vari\u00e9s<\/strong> et l\u2019envie de s\u2019int\u00e9grer dans un environnement vivant, humain et chaleureux.<\/p>\n<p>[\/et_pb_text][et_pb_image src=\u00a0\u00bbhttp:\/\/dolichopoda.com\/wp-content\/uploads\/2025\/11\/camping-gorges-de-lardeche.jpg\u00a0\u00bb title_text=\u00a0\u00bbcamping-gorges-de-lardeche\u00a0\u00bb align=\u00a0\u00bbcenter\u00a0\u00bb _builder_version=\u00a0\u00bb4.27.4&Prime; _module_preset=\u00a0\u00bbdefault\u00a0\u00bb global_colors_info=\u00a0\u00bb{}\u00a0\u00bb][\/et_pb_image][\/et_pb_column][\/et_pb_row][\/et_pb_section][et_pb_section fb_built=\u00a0\u00bb1&Prime; admin_label=\u00a0\u00bbHeader &#038; FAQ\u00a0\u00bb _builder_version=\u00a0\u00bb4.25.1&Prime; _module_preset=\u00a0\u00bbdefault\u00a0\u00bb background_color=\u00a0\u00bbgcid-695690f7-1400-435d-ab5d-81e5d8a43692&Prime; locked=\u00a0\u00bboff\u00a0\u00bb collapsed=\u00a0\u00bbon\u00a0\u00bb global_colors_info=\u00a0\u00bb{%22gcid-695690f7-1400-435d-ab5d-81e5d8a43692%22:%91%22background_color%22%93}\u00a0\u00bb][et_pb_row _builder_version=\u00a0\u00bb4.25.1&Prime; _module_preset=\u00a0\u00bbdefault\u00a0\u00bb global_colors_info=\u00a0\u00bb{}\u00a0\u00bb][et_pb_column type=\u00a0\u00bb4_4&Prime; _builder_version=\u00a0\u00bb4.25.1&Prime; _module_preset=\u00a0\u00bbdefault\u00a0\u00bb global_colors_info=\u00a0\u00bb{}\u00a0\u00bb][et_pb_heading title=\u00a0\u00bbLe Vercors pour les Digital Nomads\u00a0\u00bb _builder_version=\u00a0\u00bb4.25.1&Prime; _module_preset=\u00a0\u00bb8b426f28-a8b9-4ad6-9fc4-eb6f35b4bc4b\u00a0\u00bb custom_margin=\u00a0\u00bb||10px||false|false\u00a0\u00bb locked=\u00a0\u00bboff\u00a0\u00bb global_colors_info=\u00a0\u00bb{}\u00a0\u00bb][\/et_pb_heading][et_pb_text _builder_version=\u00a0\u00bb4.25.1&Prime; _module_preset=\u00a0\u00bb4058710a-7429-4ce8-9991-b4f959f278d0&Prime; locked=\u00a0\u00bboff\u00a0\u00bb global_colors_info=\u00a0\u00bb{}\u00a0\u00bb]<\/p>\n<p data-start=\"274\" data-end=\"359\">Un territoire nature, libre, inspirant \u2014 parfait pour ceux qui travaillent autrement.<\/p>\n<p data-start=\"361\" data-end=\"653\">L\u2019Ard\u00e8che n\u2019est pas une grande m\u00e9tropole, et c\u2019est pr\u00e9cis\u00e9ment ce qui fait son charme pour les digital nomads. Ici, on respire large, on vit au rythme des villages, on prend le temps, et on d\u00e9couvre une qualit\u00e9 de vie rare, loin de l\u2019agitation urbaine mais riche d\u2019une authenticit\u00e9 pr\u00e9cieuse. C\u2019est un territoire pour celles et ceux qui cherchent <strong data-start=\"709\" data-end=\"769\">du calme, de l\u2019espace, de la nature, des paysages vari\u00e9s<\/strong> et l\u2019envie de s\u2019int\u00e9grer dans un environnement vivant, humain et chaleureux.<\/p>\n<p>[\/et_pb_text][\/et_pb_column][\/et_pb_row][et_pb_row _builder_version=\u00a0\u00bb4.27.4&Prime; _module_preset=\u00a0\u00bbdefault\u00a0\u00bb global_colors_info=\u00a0\u00bb{}\u00a0\u00bb][et_pb_column type=\u00a0\u00bb4_4&Prime; _builder_version=\u00a0\u00bb4.27.4&Prime; _module_preset=\u00a0\u00bbdefault\u00a0\u00bb global_colors_info=\u00a0\u00bb{}\u00a0\u00bb][et_pb_image src=\u00a0\u00bbhttp:\/\/dolichopoda.com\/wp-content\/uploads\/2025\/11\/plus-beaux-villages-du-vercors-1024&#215;683-1.png\u00a0\u00bb title_text=\u00a0\u00bbplus-beaux-villages-du-vercors-1024&#215;683&Prime; align=\u00a0\u00bbcenter\u00a0\u00bb _builder_version=\u00a0\u00bb4.27.4&Prime; _module_preset=\u00a0\u00bbdefault\u00a0\u00bb global_colors_info=\u00a0\u00bb{}\u00a0\u00bb][\/et_pb_image][et_pb_divider _builder_version=\u00a0\u00bb4.27.4&Prime; _module_preset=\u00a0\u00bbdefault\u00a0\u00bb global_colors_info=\u00a0\u00bb{}\u00a0\u00bb][\/et_pb_divider][\/et_pb_column][\/et_pb_row][\/et_pb_section][et_pb_section fb_built=\u00a0\u00bb1&Prime; admin_label=\u00a0\u00bbHeader &#038; FAQ\u00a0\u00bb _builder_version=\u00a0\u00bb4.25.1&Prime; _module_preset=\u00a0\u00bbdefault\u00a0\u00bb background_color=\u00a0\u00bbgcid-695690f7-1400-435d-ab5d-81e5d8a43692&Prime; locked=\u00a0\u00bboff\u00a0\u00bb collapsed=\u00a0\u00bbon\u00a0\u00bb global_colors_info=\u00a0\u00bb{%22gcid-695690f7-1400-435d-ab5d-81e5d8a43692%22:%91%22background_color%22%93}\u00a0\u00bb][et_pb_row _builder_version=\u00a0\u00bb4.25.1&Prime; _module_preset=\u00a0\u00bbdefault\u00a0\u00bb custom_margin=\u00a0\u00bb1px|auto||auto||\u00a0\u00bb global_colors_info=\u00a0\u00bb{}\u00a0\u00bb][et_pb_column type=\u00a0\u00bb4_4&Prime; _builder_version=\u00a0\u00bb4.25.1&Prime; _module_preset=\u00a0\u00bbdefault\u00a0\u00bb global_colors_info=\u00a0\u00bb{}\u00a0\u00bb][et_pb_heading title=\u00a0\u00bbLes C\u00e9vennes pour les Digital Nomads\u00a0\u00bb _builder_version=\u00a0\u00bb4.27.4&Prime; _module_preset=\u00a0\u00bb8b426f28-a8b9-4ad6-9fc4-eb6f35b4bc4b\u00a0\u00bb custom_margin=\u00a0\u00bb||10px||false|false\u00a0\u00bb locked=\u00a0\u00bboff\u00a0\u00bb global_colors_info=\u00a0\u00bb{}\u00a0\u00bb][\/et_pb_heading][et_pb_text _builder_version=\u00a0\u00bb4.25.1&Prime; _module_preset=\u00a0\u00bb4058710a-7429-4ce8-9991-b4f959f278d0&Prime; locked=\u00a0\u00bboff\u00a0\u00bb global_colors_info=\u00a0\u00bb{}\u00a0\u00bb]<\/p>\n<p data-start=\"274\" data-end=\"359\">Un territoire nature, libre, inspirant \u2014 parfait pour ceux qui travaillent autrement.<\/p>\n<p data-start=\"361\" data-end=\"653\">L\u2019Ard\u00e8che n\u2019est pas une grande m\u00e9tropole, et c\u2019est pr\u00e9cis\u00e9ment ce qui fait son charme pour les digital nomads. Ici, on respire large, on vit au rythme des villages, on prend le temps, et on d\u00e9couvre une qualit\u00e9 de vie rare, loin de l\u2019agitation urbaine mais riche d\u2019une authenticit\u00e9 pr\u00e9cieuse. C\u2019est un territoire pour celles et ceux qui cherchent <strong data-start=\"709\" data-end=\"769\">du calme, de l\u2019espace, de la nature, des paysages vari\u00e9s<\/strong> et l\u2019envie de s\u2019int\u00e9grer dans un environnement vivant, humain et chaleureux.<\/p>\n<p>[\/et_pb_text][\/et_pb_column][\/et_pb_row][et_pb_row _builder_version=\u00a0\u00bb4.27.4&Prime; _module_preset=\u00a0\u00bbdefault\u00a0\u00bb global_colors_info=\u00a0\u00bb{}\u00a0\u00bb][et_pb_column type=\u00a0\u00bb4_4&Prime; _builder_version=\u00a0\u00bb4.27.4&Prime; _module_preset=\u00a0\u00bbdefault\u00a0\u00bb global_colors_info=\u00a0\u00bb{}\u00a0\u00bb][et_pb_image src=\u00a0\u00bbhttp:\/\/dolichopoda.com\/wp-content\/uploads\/2025\/11\/mont-aigoual-cevennes.jpeg\u00a0\u00bb title_text=\u00a0\u00bbmont-aigoual-cevennes\u00a0\u00bb align=\u00a0\u00bbcenter\u00a0\u00bb _builder_version=\u00a0\u00bb4.27.4&Prime; _module_preset=\u00a0\u00bbdefault\u00a0\u00bb global_colors_info=\u00a0\u00bb{}\u00a0\u00bb][\/et_pb_image][et_pb_divider _builder_version=\u00a0\u00bb4.27.4&Prime; _module_preset=\u00a0\u00bbdefault\u00a0\u00bb global_colors_info=\u00a0\u00bb{}\u00a0\u00bb][\/et_pb_divider][\/et_pb_column][\/et_pb_row][\/et_pb_section][et_pb_section fb_built=\u00a0\u00bb1&Prime; admin_label=\u00a0\u00bbHeader &#038; FAQ\u00a0\u00bb _builder_version=\u00a0\u00bb4.25.1&Prime; _module_preset=\u00a0\u00bbdefault\u00a0\u00bb background_color=\u00a0\u00bbgcid-695690f7-1400-435d-ab5d-81e5d8a43692&Prime; locked=\u00a0\u00bboff\u00a0\u00bb collapsed=\u00a0\u00bbon\u00a0\u00bb global_colors_info=\u00a0\u00bb{%22gcid-695690f7-1400-435d-ab5d-81e5d8a43692%22:%91%22background_color%22%93}\u00a0\u00bb][et_pb_row _builder_version=\u00a0\u00bb4.25.1&Prime; _module_preset=\u00a0\u00bbdefault\u00a0\u00bb custom_margin=\u00a0\u00bb1px|auto||auto||\u00a0\u00bb global_colors_info=\u00a0\u00bb{}\u00a0\u00bb][et_pb_column type=\u00a0\u00bb4_4&Prime; _builder_version=\u00a0\u00bb4.25.1&Prime; _module_preset=\u00a0\u00bbdefault\u00a0\u00bb global_colors_info=\u00a0\u00bb{}\u00a0\u00bb][et_pb_heading title=\u00a0\u00bbLe Vaucluse pour les Digital Nomads\u00a0\u00bb _builder_version=\u00a0\u00bb4.27.4&Prime; _module_preset=\u00a0\u00bb8b426f28-a8b9-4ad6-9fc4-eb6f35b4bc4b\u00a0\u00bb custom_margin=\u00a0\u00bb||10px||false|false\u00a0\u00bb locked=\u00a0\u00bboff\u00a0\u00bb global_colors_info=\u00a0\u00bb{}\u00a0\u00bb][\/et_pb_heading][et_pb_text _builder_version=\u00a0\u00bb4.25.1&Prime; _module_preset=\u00a0\u00bb4058710a-7429-4ce8-9991-b4f959f278d0&Prime; custom_padding=\u00a0\u00bb||0px|||\u00a0\u00bb locked=\u00a0\u00bboff\u00a0\u00bb global_colors_info=\u00a0\u00bb{}\u00a0\u00bb]<\/p>\n<p data-start=\"274\" data-end=\"359\">\n<p>Le Vaucluse n\u2019a rien d\u2019une grande capitale, et c\u2019est justement ce qui attire tant les digital nomads. Ici, la lumi\u00e8re est douce, les villages sentent la Provence, et les journ\u00e9es se d\u00e9roulent entre ruelles en pierre, places ombrag\u00e9es et collines dor\u00e9es. On prend le temps, on savoure les march\u00e9s, on travaille au calme dans une ambiance chaleureuse et authentique, loin de l\u2019agitation urbaine mais riche d\u2019une vraie douceur de vivre. On y d\u00e9couvre un territoire o\u00f9 l\u2019humain compte, o\u00f9 la culture est partout, et o\u00f9 chaque coin de rue semble inviter \u00e0 s\u2019installer un moment. C\u2019est un lieu id\u00e9al pour celles et ceux qui cherchent de la beaut\u00e9, de la simplicit\u00e9, de la nature et l\u2019envie de s\u2019int\u00e9grer dans un environnement lumineux, vivant et profond\u00e9ment accueillant.<\/p>\n<p data-start=\"361\" data-end=\"653\">\n<p>[\/et_pb_text][\/et_pb_column][\/et_pb_row][et_pb_row _builder_version=\u00a0\u00bb4.27.4&Prime; _module_preset=\u00a0\u00bbdefault\u00a0\u00bb global_colors_info=\u00a0\u00bb{}\u00a0\u00bb][et_pb_column type=\u00a0\u00bb4_4&Prime; _builder_version=\u00a0\u00bb4.27.4&Prime; _module_preset=\u00a0\u00bbdefault\u00a0\u00bb global_colors_info=\u00a0\u00bb{}\u00a0\u00bb][et_pb_image src=\u00a0\u00bbhttp:\/\/dolichopoda.com\/wp-content\/uploads\/2025\/11\/villages-luberon-Fontaine-de-Vaucluse.jpg\u00a0\u00bb title_text=\u00a0\u00bbvillages-luberon-Fontaine-de-Vaucluse\u00a0\u00bb align=\u00a0\u00bbcenter\u00a0\u00bb _builder_version=\u00a0\u00bb4.27.4&Prime; _module_preset=\u00a0\u00bbdefault\u00a0\u00bb global_colors_info=\u00a0\u00bb{}\u00a0\u00bb][\/et_pb_image][et_pb_divider _builder_version=\u00a0\u00bb4.27.4&Prime; _module_preset=\u00a0\u00bbdefault\u00a0\u00bb global_colors_info=\u00a0\u00bb{}\u00a0\u00bb][\/et_pb_divider][\/et_pb_column][\/et_pb_row][\/et_pb_section][et_pb_section fb_built=\u00a0\u00bb1&Prime; admin_label=\u00a0\u00bbHeader &#038; FAQ\u00a0\u00bb _builder_version=\u00a0\u00bb4.25.1&Prime; _module_preset=\u00a0\u00bbdefault\u00a0\u00bb background_color=\u00a0\u00bbgcid-695690f7-1400-435d-ab5d-81e5d8a43692&Prime; locked=\u00a0\u00bboff\u00a0\u00bb collapsed=\u00a0\u00bbon\u00a0\u00bb global_colors_info=\u00a0\u00bb{%22gcid-695690f7-1400-435d-ab5d-81e5d8a43692%22:%91%22background_color%22%93}\u00a0\u00bb][et_pb_row _builder_version=\u00a0\u00bb4.25.1&Prime; _module_preset=\u00a0\u00bbdefault\u00a0\u00bb custom_margin=\u00a0\u00bb1px|auto||auto||\u00a0\u00bb global_colors_info=\u00a0\u00bb{}\u00a0\u00bb][et_pb_column type=\u00a0\u00bb4_4&Prime; _builder_version=\u00a0\u00bb4.25.1&Prime; _module_preset=\u00a0\u00bbdefault\u00a0\u00bb global_colors_info=\u00a0\u00bb{}\u00a0\u00bb][et_pb_heading title=\u00a0\u00bbLe Gard pour les Digital Nomads\u00a0\u00bb _builder_version=\u00a0\u00bb4.27.4&Prime; _module_preset=\u00a0\u00bb8b426f28-a8b9-4ad6-9fc4-eb6f35b4bc4b\u00a0\u00bb custom_margin=\u00a0\u00bb||10px||false|false\u00a0\u00bb locked=\u00a0\u00bboff\u00a0\u00bb global_colors_info=\u00a0\u00bb{}\u00a0\u00bb][\/et_pb_heading][et_pb_text _builder_version=\u00a0\u00bb4.25.1&Prime; _module_preset=\u00a0\u00bb4058710a-7429-4ce8-9991-b4f959f278d0&Prime; custom_padding=\u00a0\u00bb||0px|||\u00a0\u00bb locked=\u00a0\u00bboff\u00a0\u00bb global_colors_info=\u00a0\u00bb{}\u00a0\u00bb]<\/p>\n<p data-start=\"274\" data-end=\"359\">\n<p>Le Vaucluse n\u2019a rien d\u2019une grande capitale, et c\u2019est justement ce qui attire tant les digital nomads. Ici, la lumi\u00e8re est douce, les villages sentent la Provence, et les journ\u00e9es se d\u00e9roulent entre ruelles en pierre, places ombrag\u00e9es et collines dor\u00e9es. On prend le temps, on savoure les march\u00e9s, on travaille au calme dans une ambiance chaleureuse et authentique, loin de l\u2019agitation urbaine mais riche d\u2019une vraie douceur de vivre. On y d\u00e9couvre un territoire o\u00f9 l\u2019humain compte, o\u00f9 la culture est partout, et o\u00f9 chaque coin de rue semble inviter \u00e0 s\u2019installer un moment. C\u2019est un lieu id\u00e9al pour celles et ceux qui cherchent de la beaut\u00e9, de la simplicit\u00e9, de la nature et l\u2019envie de s\u2019int\u00e9grer dans un environnement lumineux, vivant et profond\u00e9ment accueillant.<\/p>\n<p data-start=\"361\" data-end=\"653\">\n<p>[\/et_pb_text][\/et_pb_column][\/et_pb_row][et_pb_row _builder_version=\u00a0\u00bb4.27.4&Prime; _module_preset=\u00a0\u00bbdefault\u00a0\u00bb global_colors_info=\u00a0\u00bb{}\u00a0\u00bb][et_pb_column type=\u00a0\u00bb4_4&Prime; _builder_version=\u00a0\u00bb4.27.4&Prime; _module_preset=\u00a0\u00bbdefault\u00a0\u00bb global_colors_info=\u00a0\u00bb{}\u00a0\u00bb][et_pb_image src=\u00a0\u00bbhttp:\/\/dolichopoda.com\/wp-content\/uploads\/2025\/11\/2-329b1908-4b38-4f5c-9087-1f4c5cf2a5d1-912&#215;512.jpg\u00a0\u00bb title_text=\u00a0\u00bbjoyau_meconnu_du_vercors_9670-1024&#215;683&Prime; align=\u00a0\u00bbcenter\u00a0\u00bb _builder_version=\u00a0\u00bb4.27.4&Prime; _module_preset=\u00a0\u00bbdefault\u00a0\u00bb hover_enabled=\u00a0\u00bb0&Prime; global_colors_info=\u00a0\u00bb{}\u00a0\u00bb sticky_enabled=\u00a0\u00bb0&Prime;][\/et_pb_image][et_pb_divider _builder_version=\u00a0\u00bb4.27.4&Prime; _module_preset=\u00a0\u00bbdefault\u00a0\u00bb global_colors_info=\u00a0\u00bb{}\u00a0\u00bb][\/et_pb_divider][\/et_pb_column][\/et_pb_row][\/et_pb_section][et_pb_section fb_built=\u00a0\u00bb1&Prime; admin_label=\u00a0\u00bbFooter\u00a0\u00bb _builder_version=\u00a0\u00bb4.25.1&Prime; _module_preset=\u00a0\u00bbdefault\u00a0\u00bb background_color=\u00a0\u00bbgcid-096a3b95-3143-414b-96db-c5cca7103179&Prime; saved_tabs=\u00a0\u00bball\u00a0\u00bb collapsed=\u00a0\u00bbon\u00a0\u00bb global_colors_info=\u00a0\u00bb{%22gcid-096a3b95-3143-414b-96db-c5cca7103179%22:%91%22background_color%22%93}\u00a0\u00bb][et_pb_row _builder_version=\u00a0\u00bb4.25.1&Prime; _module_preset=\u00a0\u00bbdefault\u00a0\u00bb global_colors_info=\u00a0\u00bb{}\u00a0\u00bb][et_pb_column type=\u00a0\u00bb4_4&Prime; _builder_version=\u00a0\u00bb4.25.1&Prime; _module_preset=\u00a0\u00bbdefault\u00a0\u00bb global_colors_info=\u00a0\u00bb{}\u00a0\u00bb][et_pb_image src=\u00a0\u00bb@ET-DC@eyJkeW5hbWljIjp0cnVlLCJjb250ZW50Ijoic2l0ZV9sb2dvIiwic2V0dGluZ3MiOnt9fQ==@\u00a0\u00bb url=\u00a0\u00bb@ET-DC@eyJkeW5hbWljIjp0cnVlLCJjb250ZW50IjoiaG9tZV91cmwiLCJzZXR0aW5ncyI6e319@\u00a0\u00bb align=\u00a0\u00bbcenter\u00a0\u00bb _builder_version=\u00a0\u00bb4.25.1&Prime; _dynamic_attributes=\u00a0\u00bbsrc,url\u00a0\u00bb _module_preset=\u00a0\u00bbdefault\u00a0\u00bb global_colors_info=\u00a0\u00bb{}\u00a0\u00bb][\/et_pb_image][\/et_pb_column][\/et_pb_row][et_pb_row _builder_version=\u00a0\u00bb4.25.1&Prime; _module_preset=\u00a0\u00bbdefault\u00a0\u00bb global_colors_info=\u00a0\u00bb{}\u00a0\u00bb][et_pb_column type=\u00a0\u00bb4_4&Prime; _builder_version=\u00a0\u00bb4.25.1&Prime; _module_preset=\u00a0\u00bbdefault\u00a0\u00bb global_colors_info=\u00a0\u00bb{}\u00a0\u00bb][et_pb_text _builder_version=\u00a0\u00bb4.25.1&Prime; _dynamic_attributes=\u00a0\u00bbcontent\u00a0\u00bb _module_preset=\u00a0\u00bb50c54eab-00ea-4d81-8b04-4c546396164e\u00a0\u00bb text_orientation=\u00a0\u00bbcenter\u00a0\u00bb global_colors_info=\u00a0\u00bb{}\u00a0\u00bb]@ET-DC@eyJkeW5hbWljIjp0cnVlLCJjb250ZW50IjoiY3VycmVudF9kYXRlIiwic2V0dGluZ3MiOnsiYmVmb3JlIjoiQ29weXJpZ2h0ICZjb3B5OyAiLCJhZnRlciI6IiBEaXZpLiBBbGwgUmlnaHRzIFJlc2VydmVkLiIsImRhdGVfZm9ybWF0IjoiY3VzdG9tIiwiY3VzdG9tX2RhdGVfZm9ybWF0IjoiWSJ9fQ==@[\/et_pb_text][\/et_pb_column][\/et_pb_row][\/et_pb_section]<\/p>\n","protected":false},"excerpt":{"rendered":"<p>Un territoire nature, libre, inspirant \u2014 parfait pour ceux qui travaillent autrement. L\u2019Ard\u00e8che n\u2019est pas une grande m\u00e9tropole, et c\u2019est pr\u00e9cis\u00e9ment ce qui fait son charme pour les digital nomads. Ici, on respire large, on vit au rythme des villages, on prend le temps, et on d\u00e9couvre une qualit\u00e9 de vie rare, loin de l\u2019agitation [&hellip;]<\/p>\n","protected":false},"author":1,"featured_media":0,"parent":0,"menu_order":0,"comment_status":"closed","ping_status":"closed","template":"","meta":{"_et_pb_use_builder":"on","_et_pb_old_content":"","_et_gb_content_width":"","footnotes":""},"class_list":["post-104","page","type-page","status-publish","hentry"],"_links":{"self":[{"href":"https:\/\/dolichopoda.com\/index.php\/wp-json\/wp\/v2\/pages\/104","targetHints":{"allow":["GET"]}}],"collection":[{"href":"https:\/\/dolichopoda.com\/index.php\/wp-json\/wp\/v2\/pages"}],"about":[{"href":"https:\/\/dolichopoda.com\/index.php\/wp-json\/wp\/v2\/types\/page"}],"author":[{"embeddable":true,"href":"https:\/\/dolichopoda.com\/index.php\/wp-json\/wp\/v2\/users\/1"}],"replies":[{"embeddable":true,"href":"https:\/\/dolichopoda.com\/index.php\/wp-json\/wp\/v2\/comments?post=104"}],"version-history":[{"count":7,"href":"https:\/\/dolichopoda.com\/index.php\/wp-json\/wp\/v2\/pages\/104\/revisions"}],"predecessor-version":[{"id":166,"href":"https:\/\/dolichopoda.com\/index.php\/wp-json\/wp\/v2\/pages\/104\/revisions\/166"}],"wp:attachment":[{"href":"https:\/\/dolichopoda.com\/index.php\/wp-json\/wp\/v2\/media?parent=104"}],"curies":[{"name":"wp","href":"https:\/\/api.w.org\/{rel}","templated":true}]}}