{"id":24,"date":"2025-11-25T11:10:12","date_gmt":"2025-11-25T11:10:12","guid":{"rendered":"https:\/\/dolichopoda.com\/?page_id=24"},"modified":"2025-11-26T15:02:34","modified_gmt":"2025-11-26T15:02:34","slug":"24-2","status":"publish","type":"page","link":"https:\/\/dolichopoda.com\/index.php\/24-2\/","title":{"rendered":"Qui sommes-nous"},"content":{"rendered":"<p>[et_pb_section fb_built=\u00a0\u00bb1&Prime; admin_label=\u00a0\u00bbHeader\u00a0\u00bb _builder_version=\u00a0\u00bb4.25.1&Prime; _module_preset=\u00a0\u00bbdefault\u00a0\u00bb background_color=\u00a0\u00bbgcid-695690f7-1400-435d-ab5d-81e5d8a43692&Prime; overflow-x=\u00a0\u00bbhidden\u00a0\u00bb overflow-y=\u00a0\u00bbhidden\u00a0\u00bb locked=\u00a0\u00bboff\u00a0\u00bb collapsed=\u00a0\u00bbon\u00a0\u00bb global_colors_info=\u00a0\u00bb{%22gcid-695690f7-1400-435d-ab5d-81e5d8a43692%22:%91%22background_color%22%93}\u00a0\u00bb][et_pb_row _builder_version=\u00a0\u00bb4.25.1&Prime; _module_preset=\u00a0\u00bbdefault\u00a0\u00bb global_colors_info=\u00a0\u00bb{}\u00a0\u00bb][et_pb_column type=\u00a0\u00bb4_4&Prime; _builder_version=\u00a0\u00bb4.25.1&Prime; _module_preset=\u00a0\u00bbdefault\u00a0\u00bb global_colors_info=\u00a0\u00bb{}\u00a0\u00bb][et_pb_heading title=\u00a0\u00bbQui sommes-nous\u00a0\u00bb _builder_version=\u00a0\u00bb4.25.1&Prime; _module_preset=\u00a0\u00bb3c4ef9fc-6c34-41b9-a742-d7cd935d9199&Prime; title_text_align=\u00a0\u00bbcenter\u00a0\u00bb global_colors_info=\u00a0\u00bb{}\u00a0\u00bb][\/et_pb_heading][\/et_pb_column][\/et_pb_row][et_pb_row column_structure=\u00a0\u00bb1_2,1_2&Prime; _builder_version=\u00a0\u00bb4.25.1&Prime; _module_preset=\u00a0\u00bbdefault\u00a0\u00bb custom_padding=\u00a0\u00bb200px||||false|false\u00a0\u00bb global_colors_info=\u00a0\u00bb{}\u00a0\u00bb][et_pb_column type=\u00a0\u00bb1_2&Prime; _builder_version=\u00a0\u00bb4.25.1&Prime; _module_preset=\u00a0\u00bbdefault\u00a0\u00bb background_color=\u00a0\u00bb#FFFFFF\u00a0\u00bb z_index=\u00a0\u00bb10&Prime; custom_padding=\u00a0\u00bb10%|5%|10%|5%|true|true\u00a0\u00bb custom_padding_tablet=\u00a0\u00bb0%||0%||true|false\u00a0\u00bb custom_padding_phone=\u00a0\u00bb0%||0%||true|false\u00a0\u00bb custom_padding_last_edited=\u00a0\u00bbon|desktop\u00a0\u00bb box_shadow_style=\u00a0\u00bbpreset4&Prime; box_shadow_horizontal=\u00a0\u00bb-200px\u00a0\u00bb box_shadow_vertical=\u00a0\u00bb-90px\u00a0\u00bb box_shadow_color=\u00a0\u00bbgcid-49867634-93e9-4875-ba57-768929494fb1&Prime; global_colors_info=\u00a0\u00bb{%22gcid-672c49ec-b8cc-4f22-a785-dec4ee1498c5%22:%91%22button_text_color%22,%22button_border_color%22,%22button_bg_color__hover%22,%22link_text_color%22,%22quote_text_color%22,%22quote_border_color%22,%22link_text_color%22,%22quote_text_color%22,%22quote_border_color%22%93,%22gcid-heading-color%22:%91%22body_text_color%22%93,%22gcid-0ec00ca9-ec06-4784-a057-5ece2d56f250%22:%91%22header_text_color%22%93,%22gcid-49867634-93e9-4875-ba57-768929494fb1%22:%91%22box_shadow_color%22%93}\u00a0\u00bb][et_pb_heading title=\u00a0\u00bbShataigne\u00a0\u00bb _builder_version=\u00a0\u00bb4.25.1&Prime; _module_preset=\u00a0\u00bb2cd49db3-0787-4f63-a343-d302cdfc4604&Prime; global_colors_info=\u00a0\u00bb{}\u00a0\u00bb][\/et_pb_heading][et_pb_divider color=\u00a0\u00bbgcid-49867634-93e9-4875-ba57-768929494fb1&Prime; _builder_version=\u00a0\u00bb4.25.1&Prime; _module_preset=\u00a0\u00bbdefault\u00a0\u00bb height=\u00a0\u00bb1px\u00a0\u00bb global_colors_info=\u00a0\u00bb{%22gcid-49867634-93e9-4875-ba57-768929494fb1%22:%91%22color%22%93}\u00a0\u00bb][\/et_pb_divider][et_pb_text _builder_version=\u00a0\u00bb4.25.1&Prime; _module_preset=\u00a0\u00bbfb61a290-144b-4180-a61c-5f940e301a78&Prime; global_colors_info=\u00a0\u00bb{}\u00a0\u00bb]<\/p>\n<p>Shataigne a ce m\u00e9lange rare entre douceur et d\u00e9termination : un sourire qui met en confiance et, derri\u00e8re, une capacit\u00e9 \u00e9tonnante \u00e0 faire avancer les choses comme si de rien n\u2019\u00e9tait.<br \/>Graphiquement, tu peux imaginer quelqu\u2019un organis\u00e9, bienveillant, avec un humour l\u00e9ger qui surgit pile au bon moment, fa\u00e7on tir bouchon qui d\u00e9bouche les situations tendues.<\/p>\n<p>C\u00f4t\u00e9 style, elle donne souvent l\u2019impression d\u2019\u00eatre \u00e0 son meilleur sans m\u00eame essayer \u2014 un naturel ma\u00eetris\u00e9, exactement le genre d\u2019\u00e9l\u00e9gance qui rend jaloux les mannequins et perplexes les miroirs.<\/p>\n<p>Et quand elle parle d\u2019un projet pour ses digital nomad, ses yeux brillent un peu. Tu sais, ce petit signal lumineux int\u00e9gr\u00e9 d\u2019origine chez ceux qui ont un moteur interne fiable. Le v\u00e9ritable moteur de Charly, c\u2019est elle !<\/p>\n<p>[\/et_pb_text][et_pb_image src=\u00a0\u00bbhttp:\/\/dolichopoda.com\/wp-content\/uploads\/2025\/11\/PXL_20250519_094138874-scaled.jpg\u00a0\u00bb _builder_version=\u00a0\u00bb4.27.4&Prime; _module_preset=\u00a0\u00bbdefault\u00a0\u00bb title_text=\u00a0\u00bbPXL_20250519_094138874&Prime; hover_enabled=\u00a0\u00bb0&Prime; sticky_enabled=\u00a0\u00bb0&Prime;][\/et_pb_image][\/et_pb_column][et_pb_column type=\u00a0\u00bb1_2&Prime; _builder_version=\u00a0\u00bb4.25.1&Prime; _module_preset=\u00a0\u00bbdefault\u00a0\u00bb global_colors_info=\u00a0\u00bb{}\u00a0\u00bb][et_pb_image title_text=\u00a0\u00bb0-2a8549e3-010b-42db-afde-67083ad80b1b-2048&#215;1152&Prime; _builder_version=\u00a0\u00bb4.27.4&Prime; _module_preset=\u00a0\u00bbdefault\u00a0\u00bb custom_margin=\u00a0\u00bb-200px|||-25%|false|false\u00a0\u00bb animation_style=\u00a0\u00bbfade\u00a0\u00bb animation_duration=\u00a0\u00bb500ms\u00a0\u00bb hover_enabled=\u00a0\u00bb0&Prime; locked=\u00a0\u00bboff\u00a0\u00bb global_colors_info=\u00a0\u00bb{}\u00a0\u00bb src=\u00a0\u00bbhttp:\/\/dolichopoda.com\/wp-content\/uploads\/2025\/11\/0-2a8549e3-010b-42db-afde-67083ad80b1b-2048&#215;1152.jpg\u00a0\u00bb sticky_enabled=\u00a0\u00bb0&Prime;][\/et_pb_image][et_pb_image src=\u00a0\u00bbhttp:\/\/dolichopoda.com\/wp-content\/uploads\/2025\/11\/PXL_20250621_113445835.PORTRAIT-scaled.jpg\u00a0\u00bb _builder_version=\u00a0\u00bb4.27.4&Prime; _module_preset=\u00a0\u00bbdefault\u00a0\u00bb title_text=\u00a0\u00bbPXL_20250621_113445835.PORTRAIT\u00a0\u00bb hover_enabled=\u00a0\u00bb0&Prime; sticky_enabled=\u00a0\u00bb0&Prime;][\/et_pb_image][\/et_pb_column][\/et_pb_row][\/et_pb_section][et_pb_section fb_built=\u00a0\u00bb1&Prime; admin_label=\u00a0\u00bbHeader\u00a0\u00bb _builder_version=\u00a0\u00bb4.25.1&Prime; _module_preset=\u00a0\u00bbdefault\u00a0\u00bb background_color=\u00a0\u00bbgcid-695690f7-1400-435d-ab5d-81e5d8a43692&Prime; overflow-x=\u00a0\u00bbhidden\u00a0\u00bb overflow-y=\u00a0\u00bbhidden\u00a0\u00bb locked=\u00a0\u00bboff\u00a0\u00bb collapsed=\u00a0\u00bbon\u00a0\u00bb global_colors_info=\u00a0\u00bb{%22gcid-695690f7-1400-435d-ab5d-81e5d8a43692%22:%91%22background_color%22%93}\u00a0\u00bb][et_pb_row column_structure=\u00a0\u00bb1_2,1_2&Prime; _builder_version=\u00a0\u00bb4.25.1&Prime; _module_preset=\u00a0\u00bbdefault\u00a0\u00bb custom_padding=\u00a0\u00bb200px||||false|false\u00a0\u00bb global_colors_info=\u00a0\u00bb{}\u00a0\u00bb][et_pb_column type=\u00a0\u00bb1_2&Prime; _builder_version=\u00a0\u00bb4.25.1&Prime; _module_preset=\u00a0\u00bbdefault\u00a0\u00bb background_color=\u00a0\u00bb#FFFFFF\u00a0\u00bb z_index=\u00a0\u00bb10&Prime; custom_padding=\u00a0\u00bb10%|5%|10%|5%|true|true\u00a0\u00bb custom_padding_tablet=\u00a0\u00bb0%||0%||true|false\u00a0\u00bb custom_padding_phone=\u00a0\u00bb0%||0%||true|false\u00a0\u00bb custom_padding_last_edited=\u00a0\u00bbon|desktop\u00a0\u00bb box_shadow_style=\u00a0\u00bbpreset4&Prime; box_shadow_horizontal=\u00a0\u00bb-200px\u00a0\u00bb box_shadow_vertical=\u00a0\u00bb-90px\u00a0\u00bb box_shadow_color=\u00a0\u00bbgcid-49867634-93e9-4875-ba57-768929494fb1&Prime; global_colors_info=\u00a0\u00bb{%22gcid-672c49ec-b8cc-4f22-a785-dec4ee1498c5%22:%91%22button_text_color%22,%22button_border_color%22,%22button_bg_color__hover%22,%22link_text_color%22,%22quote_text_color%22,%22quote_border_color%22,%22link_text_color%22,%22quote_text_color%22,%22quote_border_color%22%93,%22gcid-heading-color%22:%91%22body_text_color%22%93,%22gcid-0ec00ca9-ec06-4784-a057-5ece2d56f250%22:%91%22header_text_color%22%93,%22gcid-49867634-93e9-4875-ba57-768929494fb1%22:%91%22box_shadow_color%22%93}\u00a0\u00bb][et_pb_heading title=\u00a0\u00bbLufe\u00a0\u00bb _builder_version=\u00a0\u00bb4.25.1&Prime; _module_preset=\u00a0\u00bb2cd49db3-0787-4f63-a343-d302cdfc4604&Prime; global_colors_info=\u00a0\u00bb{}\u00a0\u00bb][\/et_pb_heading][et_pb_divider color=\u00a0\u00bbgcid-49867634-93e9-4875-ba57-768929494fb1&Prime; _builder_version=\u00a0\u00bb4.25.1&Prime; _module_preset=\u00a0\u00bbdefault\u00a0\u00bb height=\u00a0\u00bb1px\u00a0\u00bb global_colors_info=\u00a0\u00bb{%22gcid-49867634-93e9-4875-ba57-768929494fb1%22:%91%22color%22%93}\u00a0\u00bb][\/et_pb_divider][et_pb_text _builder_version=\u00a0\u00bb4.25.1&Prime; _module_preset=\u00a0\u00bbfb61a290-144b-4180-a61c-5f940e301a78&Prime; global_colors_info=\u00a0\u00bb{}\u00a0\u00bb]<\/p>\n<p>Lufe, c\u2019est le genre de personne qu\u2019on rep\u00e8re m\u00eame sous terre\u00a0 litt\u00e9ralement. Il a cette allure de type toujours pr\u00eat \u00e0 plonger dans un canyon ou un projet improbable avec la m\u00eame s\u00e9r\u00e9nit\u00e9 que d\u2019autres ouvrent un pot de confiture.<\/p>\n<p>Sous son casque (mental ou r\u00e9el), Lufe a un cerveau qui carbure \u00e0 l\u2019organisation, aux proc\u00e9dures, au s\u00e9rieux, mais aussi un humour discret, souvent plus fin que les fractios qu\u2019il installe. Socialement, c\u2019est le gars qu\u2019on aime avoir dans une \u00e9quipe : fiable, pas bruyant, mais toujours dans le coup.<br \/>Au boulot, il avance avec la m\u00eame logique qu\u2019en sp\u00e9l\u00e9o :<\/p>\n<ul>\n<li>analyser,<\/li>\n<li>s\u00e9curiser,<\/li>\n<li>progresser,<\/li>\n<\/ul>\n<p>et sortir vivant du truc avec un sourire qui dit \u00ab M\u00eame pas mal. On remet \u00e7a ? \u00bb<\/p>\n<p>Et bien s\u00fbr, il a la signature des passionn\u00e9s : Les digital nomad sont tous ses amis. L\u2019accueil il aime !!!<\/p>\n<p>Bref : un m\u00e9lange de calme, de ma\u00eetrise, de curiosit\u00e9 et de petits grains d\u2019audace \u2014 calibr\u00e9 pour l\u2019exploration, qu\u2019elle soit souterraine ou professionnelle.<\/p>\n<p>[\/et_pb_text][et_pb_image src=\u00a0\u00bbhttp:\/\/dolichopoda.com\/wp-content\/uploads\/2025\/11\/PXL_20251110_084508424-scaled.jpg\u00a0\u00bb _builder_version=\u00a0\u00bb4.27.4&Prime; _module_preset=\u00a0\u00bbdefault\u00a0\u00bb title_text=\u00a0\u00bbPXL_20251110_084508424&Prime; height=\u00a0\u00bb458px\u00a0\u00bb min_height=\u00a0\u00bb267px\u00a0\u00bb hover_enabled=\u00a0\u00bb0&Prime; sticky_enabled=\u00a0\u00bb0&Prime;][\/et_pb_image][\/et_pb_column][et_pb_column type=\u00a0\u00bb1_2&Prime; _builder_version=\u00a0\u00bb4.25.1&Prime; _module_preset=\u00a0\u00bbdefault\u00a0\u00bb global_colors_info=\u00a0\u00bb{}\u00a0\u00bb][et_pb_image src=\u00a0\u00bbhttp:\/\/dolichopoda.com\/wp-content\/uploads\/2025\/11\/PXL_20250706_091558639.jpg\u00a0\u00bb title_text=\u00a0\u00bbPXL_20250706_091558639&Prime; _builder_version=\u00a0\u00bb4.27.4&Prime; _module_preset=\u00a0\u00bbdefault\u00a0\u00bb custom_margin=\u00a0\u00bb-200px|||-25%|false|false\u00a0\u00bb animation_style=\u00a0\u00bbfade\u00a0\u00bb animation_duration=\u00a0\u00bb500ms\u00a0\u00bb locked=\u00a0\u00bboff\u00a0\u00bb global_colors_info=\u00a0\u00bb{}\u00a0\u00bb][\/et_pb_image][\/et_pb_column][\/et_pb_row][\/et_pb_section][et_pb_section fb_built=\u00a0\u00bb1&Prime; admin_label=\u00a0\u00bbFooter\u00a0\u00bb _builder_version=\u00a0\u00bb4.25.1&Prime; _module_preset=\u00a0\u00bbdefault\u00a0\u00bb background_color=\u00a0\u00bbgcid-096a3b95-3143-414b-96db-c5cca7103179&Prime; saved_tabs=\u00a0\u00bball\u00a0\u00bb collapsed=\u00a0\u00bbon\u00a0\u00bb global_colors_info=\u00a0\u00bb{%22gcid-096a3b95-3143-414b-96db-c5cca7103179%22:%91%22background_color%22%93}\u00a0\u00bb][et_pb_row _builder_version=\u00a0\u00bb4.25.1&Prime; _module_preset=\u00a0\u00bbdefault\u00a0\u00bb global_colors_info=\u00a0\u00bb{}\u00a0\u00bb][et_pb_column type=\u00a0\u00bb4_4&Prime; _builder_version=\u00a0\u00bb4.25.1&Prime; _module_preset=\u00a0\u00bbdefault\u00a0\u00bb global_colors_info=\u00a0\u00bb{}\u00a0\u00bb][et_pb_image src=\u00a0\u00bb@ET-DC@eyJkeW5hbWljIjp0cnVlLCJjb250ZW50Ijoic2l0ZV9sb2dvIiwic2V0dGluZ3MiOnt9fQ==@\u00a0\u00bb url=\u00a0\u00bb@ET-DC@eyJkeW5hbWljIjp0cnVlLCJjb250ZW50IjoiaG9tZV91cmwiLCJzZXR0aW5ncyI6e319@\u00a0\u00bb align=\u00a0\u00bbcenter\u00a0\u00bb _builder_version=\u00a0\u00bb4.25.1&Prime; _dynamic_attributes=\u00a0\u00bbsrc,url\u00a0\u00bb _module_preset=\u00a0\u00bbdefault\u00a0\u00bb global_colors_info=\u00a0\u00bb{}\u00a0\u00bb][\/et_pb_image][\/et_pb_column][\/et_pb_row][\/et_pb_section]<\/p>\n","protected":false},"excerpt":{"rendered":"<p>Shataigne a ce m\u00e9lange rare entre douceur et d\u00e9termination : un sourire qui met en confiance et, derri\u00e8re, une capacit\u00e9 \u00e9tonnante \u00e0 faire avancer les choses comme si de rien n\u2019\u00e9tait.Graphiquement, tu peux imaginer quelqu\u2019un organis\u00e9, bienveillant, avec un humour l\u00e9ger qui surgit pile au bon moment, fa\u00e7on tir bouchon qui d\u00e9bouche les situations tendues. [&hellip;]<\/p>\n","protected":false},"author":1,"featured_media":0,"parent":0,"menu_order":0,"comment_status":"closed","ping_status":"closed","template":"","meta":{"_et_pb_use_builder":"on","_et_pb_old_content":"","_et_gb_content_width":"","footnotes":""},"class_list":["post-24","page","type-page","status-publish","hentry"],"_links":{"self":[{"href":"https:\/\/dolichopoda.com\/index.php\/wp-json\/wp\/v2\/pages\/24","targetHints":{"allow":["GET"]}}],"collection":[{"href":"https:\/\/dolichopoda.com\/index.php\/wp-json\/wp\/v2\/pages"}],"about":[{"href":"https:\/\/dolichopoda.com\/index.php\/wp-json\/wp\/v2\/types\/page"}],"author":[{"embeddable":true,"href":"https:\/\/dolichopoda.com\/index.php\/wp-json\/wp\/v2\/users\/1"}],"replies":[{"embeddable":true,"href":"https:\/\/dolichopoda.com\/index.php\/wp-json\/wp\/v2\/comments?post=24"}],"version-history":[{"count":8,"href":"https:\/\/dolichopoda.com\/index.php\/wp-json\/wp\/v2\/pages\/24\/revisions"}],"predecessor-version":[{"id":173,"href":"https:\/\/dolichopoda.com\/index.php\/wp-json\/wp\/v2\/pages\/24\/revisions\/173"}],"wp:attachment":[{"href":"https:\/\/dolichopoda.com\/index.php\/wp-json\/wp\/v2\/media?parent=24"}],"curies":[{"name":"wp","href":"https:\/\/api.w.org\/{rel}","templated":true}]}}